{"id":759,"date":"2024-09-05T07:16:21","date_gmt":"2024-09-05T05:16:21","guid":{"rendered":"https:\/\/mandaris.nextron.org\/portrait\/"},"modified":"2024-09-12T11:33:10","modified_gmt":"2024-09-12T09:33:10","slug":"portrait","status":"publish","type":"page","link":"https:\/\/mandaris.com\/fr\/portrait\/","title":{"rendered":"Portrait"},"content":{"rendered":"\n<h2 class=\"wp-block-heading\">NOUS NOUS INVESTISSONS&nbsp;PERSONNELLEMENT&nbsp;<\/h2>\n\n\n\n<h3 class=\"wp-block-heading\">Le plus important pour nous, c\u2019est vous&nbsp;!<\/h3>\n\n\n\n<p>Mandaris est une soci\u00e9t\u00e9 fiduciaire et de conseil pr\u00e9sente \u00e0 la fois sur le march\u00e9 domestique et \u00e0 l\u2019international. En tant qu\u2019une des plus anciennes entreprises fiduciaires suisses actives au niveau international, nous proposons \u00e0 nos clients une large gamme de prestations de service: nos quatre domaines de conseil comprennent le\u00a0<a href=\"https:\/\/mandaris.com\/fr\/services\/conseil-fiscal-et-juridique\/\" data-type=\"page\" data-id=\"576\">conseil fiscal et juridique<\/a>, les prestations de\u00a0<a href=\"https:\/\/mandaris.com\/fr\/services\/service-fiduciaire-et-comptabilite\/\" data-type=\"page\" data-id=\"573\">service fiduciaire et de comptabilit\u00e9<\/a>, les\u00a0<a href=\"https:\/\/mandaris.com\/fr\/services\/trusts-et-societes\/\" data-type=\"page\" data-id=\"570\">services fiduciaires et l\u2019administration de soci\u00e9t\u00e9s<\/a>\u00a0ainsi que des solutions de financement.<\/p>\n\n\n\n<p>La fid\u00e9lisation des clients est pour nous bien plus qu\u2019un slogan. C\u2019est une promesse que nous tenons. C\u2019est pourquoi il n\u2019est pas rare de voir chez nous des clients nationaux et internationaux que nous accompagnons depuis deux g\u00e9n\u00e9rations voire plus. Et pour qu\u2019il continue \u00e0 en \u00eatre ainsi pendant de nombreuses g\u00e9n\u00e9rations encore, nous mettons notre savoir, notre temps et notre personnalit\u00e9 \u00e0 disposition de chacun de nos clients.<\/p>\n\n\n\n<p>Avec nous, vous pouvez profiter d\u2019un partenariat qui est caract\u00e9ris\u00e9 d\u2019une part par notre exp\u00e9rience nationale et internationale, et de l\u2019autre, par un service personnel individualis\u00e9 de tr\u00e8s haut niveau. Vous verrez, en prenant connaissance de notre orientation strat\u00e9gique et de nos&nbsp;r\u00e9sultats, que nous prenons cette promesse tr\u00e8s au s\u00e9rieux.<\/p>\n","protected":false},"excerpt":{"rendered":"<p>NOUS NOUS INVESTISSONS&nbsp;PERSONNELLEMENT&nbsp; Le plus important pour nous, c\u2019est vous&nbsp;! Mandaris est une soci\u00e9t\u00e9 fiduciaire et de conseil pr\u00e9sente \u00e0 la fois sur le march\u00e9 domestique et \u00e0 l\u2019international. En tant qu\u2019une des plus anciennes entreprises fiduciaires suisses actives au niveau international, nous proposons \u00e0 nos clients une large gamme de prestations de service: nos [&hellip;]<\/p>\n","protected":false},"author":3,"featured_media":403,"parent":0,"menu_order":5,"comment_status":"closed","ping_status":"closed","template":"","meta":{"_acf_changed":false,"_seopress_robots_primary_cat":"","_seopress_titles_title":"","_seopress_titles_desc":"","_seopress_robots_index":"","footnotes":""},"class_list":["post-759","page","type-page","status-publish","has-post-thumbnail","hentry"],"acf":[],"_links":{"self":[{"href":"https:\/\/mandaris.com\/fr\/wp-json\/wp\/v2\/pages\/759","targetHints":{"allow":["GET"]}}],"collection":[{"href":"https:\/\/mandaris.com\/fr\/wp-json\/wp\/v2\/pages"}],"about":[{"href":"https:\/\/mandaris.com\/fr\/wp-json\/wp\/v2\/types\/page"}],"author":[{"embeddable":true,"href":"https:\/\/mandaris.com\/fr\/wp-json\/wp\/v2\/users\/3"}],"replies":[{"embeddable":true,"href":"https:\/\/mandaris.com\/fr\/wp-json\/wp\/v2\/comments?post=759"}],"version-history":[{"count":3,"href":"https:\/\/mandaris.com\/fr\/wp-json\/wp\/v2\/pages\/759\/revisions"}],"predecessor-version":[{"id":1783,"href":"https:\/\/mandaris.com\/fr\/wp-json\/wp\/v2\/pages\/759\/revisions\/1783"}],"wp:featuredmedia":[{"embeddable":true,"href":"https:\/\/mandaris.com\/fr\/wp-json\/wp\/v2\/media\/403"}],"wp:attachment":[{"href":"https:\/\/mandaris.com\/fr\/wp-json\/wp\/v2\/media?parent=759"}],"curies":[{"name":"wp","href":"https:\/\/api.w.org\/{rel}","templated":true}]}}